{"id":4,"date":"2016-09-13T18:12:14","date_gmt":"2016-09-13T17:12:14","guid":{"rendered":"http:\/\/tecnolengua.uma.es\/wordpress\/?page_id=4"},"modified":"2025-09-30T11:32:02","modified_gmt":"2025-09-30T10:32:02","slug":"home","status":"publish","type":"page","link":"https:\/\/tecnolengua.uma.es\/","title":{"rendered":"Inicio"},"content":{"rendered":"<div id=\"dslc-theme-content\"><div id=\"dslc-theme-content-inner\"><p>&nbsp;<\/p>\n<p style=\"text-align: justify;\">Le damos la bienvenida a la web del Grupo de Investigaci\u00f3n de la Universidad de M\u00e1laga <b>Tecnolengua<\/b>. Nuestro inter\u00e9s se centra en el an\u00e1lisis automatizado del lenguaje, el an\u00e1lisis del discurso y los procesos cognitivos, con un inter\u00e9s especial en la an\u00e1litica de textos y el an\u00e1lisis de sentimiento.<\/p>\n<p style=\"text-align: justify;\">En proyectos anteriores tambi\u00e9n hemos trabajado en el desarrollo de bases de datos l\u00e9xicas y en la creaci\u00f3n de ontolog\u00edas como pieza fundamental de diversas bases de datos terminol\u00f3gicas basadas en el conocimiento.<\/p>\n<p><a href=\"http:\/\/ltl.uma.es\"><button>Pruebe Lingmotif ahora<\/button><\/a><\/p>\n<p><a href=\"https:\/\/corpus-sense.app\"><button>Pruebe Corpus Sense ahora<\/button><\/a><\/p>\n<p>&nbsp;<\/p>\n<p>&nbsp;<\/p>\n<h1><a href=\"http:\/\/tecnolengua.uma.es\/?page_id=68\">Proyectos de investigaci\u00f3n actuales<\/a><\/h1>\n<p><a href=\"https:\/\/corpus-sense.app\"><img loading=\"lazy\" decoding=\"async\" class=\"alignnone wp-image-1202 size-full\" src=\"https:\/\/tecnolengua.uma.es\/wordpress\/wp-content\/uploads\/2025\/09\/photo_2025-09-29_19-01-10.jpg\" alt=\"\" width=\"875\" height=\"163\" srcset=\"https:\/\/tecnolengua.uma.es\/wordpress\/wp-content\/uploads\/2025\/09\/photo_2025-09-29_19-01-10.jpg 875w, https:\/\/tecnolengua.uma.es\/wordpress\/wp-content\/uploads\/2025\/09\/photo_2025-09-29_19-01-10-300x56.jpg 300w, https:\/\/tecnolengua.uma.es\/wordpress\/wp-content\/uploads\/2025\/09\/photo_2025-09-29_19-01-10-768x143.jpg 768w\" sizes=\"auto, (max-width: 875px) 100vw, 875px\" \/><\/a><\/p>\n<p>&nbsp;<\/p>\n<blockquote><p><b>Antonio Moreno Ortiz<\/b>\u00a0(Responsable del grupo)<br \/>\n<span class=\"mini\">Departamento de Filolog\u00eda Inglesa, Francesa y Alemana<br \/>\nFacultad de Filosof\u00eda y Letras<br \/>\nUniversidad de M\u00e1laga<br \/>\n+34 952136670<br \/>\n<img decoding=\"async\" src=\"http:\/\/tecnolengua.uma.es\/img\/amo.gif\" alt=\"\" \/><\/span><\/p><\/blockquote>\n<p><\/p><\/div><\/div>","protected":false},"excerpt":{"rendered":"<p>&nbsp; Le damos la bienvenida a la web del Grupo de Investigaci\u00f3n de la Universidad de M\u00e1laga Tecnolengua. Nuestro inter\u00e9s se centra en el an\u00e1lisis automatizado del lenguaje, el an\u00e1lisis del discurso y los procesos cognitivos, con un inter\u00e9s especial en la an\u00e1litica de textos y el an\u00e1lisis de sentimiento. En proyectos anteriores tambi\u00e9n hemos [&hellip;]<\/p>\n","protected":false},"author":1,"featured_media":0,"parent":0,"menu_order":0,"comment_status":"closed","ping_status":"closed","template":"template-sidebar-right.php","meta":{"footnotes":""},"class_list":["post-4","page","type-page","status-publish","hentry"],"jetpack_sharing_enabled":true,"_links":{"self":[{"href":"https:\/\/tecnolengua.uma.es\/index.php?rest_route=\/wp\/v2\/pages\/4","targetHints":{"allow":["GET"]}}],"collection":[{"href":"https:\/\/tecnolengua.uma.es\/index.php?rest_route=\/wp\/v2\/pages"}],"about":[{"href":"https:\/\/tecnolengua.uma.es\/index.php?rest_route=\/wp\/v2\/types\/page"}],"author":[{"embeddable":true,"href":"https:\/\/tecnolengua.uma.es\/index.php?rest_route=\/wp\/v2\/users\/1"}],"replies":[{"embeddable":true,"href":"https:\/\/tecnolengua.uma.es\/index.php?rest_route=%2Fwp%2Fv2%2Fcomments&post=4"}],"version-history":[{"count":35,"href":"https:\/\/tecnolengua.uma.es\/index.php?rest_route=\/wp\/v2\/pages\/4\/revisions"}],"predecessor-version":[{"id":1210,"href":"https:\/\/tecnolengua.uma.es\/index.php?rest_route=\/wp\/v2\/pages\/4\/revisions\/1210"}],"wp:attachment":[{"href":"https:\/\/tecnolengua.uma.es\/index.php?rest_route=%2Fwp%2Fv2%2Fmedia&parent=4"}],"curies":[{"name":"wp","href":"https:\/\/api.w.org\/{rel}","templated":true}]}}