{"id":127,"date":"2016-11-14T05:05:55","date_gmt":"2016-11-14T04:05:55","guid":{"rendered":"http:\/\/tecnolengua.uma.es\/?page_id=127"},"modified":"2016-11-21T00:29:32","modified_gmt":"2016-11-20T23:29:32","slug":"lingmotif-2","status":"publish","type":"page","link":"https:\/\/tecnolengua.uma.es\/?page_id=127","title":{"rendered":"Sentitext"},"content":{"rendered":"<div id=\"dslc-theme-content\"><div id=\"dslc-theme-content-inner\"><p><img loading=\"lazy\" decoding=\"async\" class=\"aligncenter size-medium wp-image-204\" src=\"http:\/\/tecnolengua.uma.es\/wordpress\/wp-content\/uploads\/2016\/11\/logo-300x73.png\" alt=\"logo\" width=\"300\" height=\"73\" srcset=\"https:\/\/tecnolengua.uma.es\/wordpress\/wp-content\/uploads\/2016\/11\/logo-300x73.png 300w, https:\/\/tecnolengua.uma.es\/wordpress\/wp-content\/uploads\/2016\/11\/logo.png 470w\" sizes=\"auto, (max-width: 300px) 100vw, 300px\" \/><\/p>\n<p>Sentitext fue nuestro primer proyecto sobre An\u00e1lisis de Sentimiento. Se trataba de una aplicaci\u00f3n web que trabajaba \u00fancamente con texto en espa\u00f1ol. M\u00e1s adelante decidimos cambiar el enfoque en cuanto a implementaci\u00f3n y comenzamos a trabajar en <a href=\"http:\/\/tecnolengua.uma.es\/lingmotif\">Lingmotif<\/a>, una herramienta de An\u00e1lisis de Sentimiento multiling\u00fce, potente y vers\u00e1til.<\/p>\n<p>Puede encontrar una descripci\u00f3n completa de Sentitext en varias de <a href=\"http:\/\/tecnolengua.uma.es\/?page_id=37\">nuestras publicaciones<\/a>.<\/p>\n<p>Sentitext ya no se encuentra disponible en este servidor. Si est\u00e1 interesado en el An\u00e1lisis de Sentimiento, descubra <a href=\"http:\/\/tecnolengua.uma.es\/lingmotif\">Lingmotif<\/a>.<\/p>\n<p><a href=\"http:\/\/tecnolengua.uma.es\/lingmotif\"><img loading=\"lazy\" decoding=\"async\" class=\"aligncenter size-medium wp-image-29\" src=\"http:\/\/tecnolengua.uma.es\/wordpress\/wp-content\/uploads\/2016\/09\/lingmotif-logo-1-300x300.png\" alt=\"lingmotif-logo-1\" width=\"300\" height=\"300\" srcset=\"https:\/\/tecnolengua.uma.es\/wordpress\/wp-content\/uploads\/2016\/09\/lingmotif-logo-1-300x300.png 300w, https:\/\/tecnolengua.uma.es\/wordpress\/wp-content\/uploads\/2016\/09\/lingmotif-logo-1-150x150.png 150w, https:\/\/tecnolengua.uma.es\/wordpress\/wp-content\/uploads\/2016\/09\/lingmotif-logo-1.png 400w\" sizes=\"auto, (max-width: 300px) 100vw, 300px\" \/><\/a><\/p><\/div><\/div>","protected":false},"excerpt":{"rendered":"<p>Sentitext fue nuestro primer proyecto sobre An\u00e1lisis de Sentimiento. Se trataba de una aplicaci\u00f3n web que trabajaba \u00fancamente con texto en espa\u00f1ol. M\u00e1s adelante decidimos cambiar el enfoque en cuanto a implementaci\u00f3n y comenzamos a trabajar en Lingmotif, una herramienta de An\u00e1lisis de Sentimiento multiling\u00fce, potente y vers\u00e1til. Puede encontrar una descripci\u00f3n completa de Sentitext [&hellip;]<\/p>\n","protected":false},"author":1,"featured_media":0,"parent":33,"menu_order":2,"comment_status":"closed","ping_status":"closed","template":"","meta":{"footnotes":""},"class_list":["post-127","page","type-page","status-publish","hentry"],"jetpack_sharing_enabled":true,"_links":{"self":[{"href":"https:\/\/tecnolengua.uma.es\/index.php?rest_route=\/wp\/v2\/pages\/127","targetHints":{"allow":["GET"]}}],"collection":[{"href":"https:\/\/tecnolengua.uma.es\/index.php?rest_route=\/wp\/v2\/pages"}],"about":[{"href":"https:\/\/tecnolengua.uma.es\/index.php?rest_route=\/wp\/v2\/types\/page"}],"author":[{"embeddable":true,"href":"https:\/\/tecnolengua.uma.es\/index.php?rest_route=\/wp\/v2\/users\/1"}],"replies":[{"embeddable":true,"href":"https:\/\/tecnolengua.uma.es\/index.php?rest_route=%2Fwp%2Fv2%2Fcomments&post=127"}],"version-history":[{"count":4,"href":"https:\/\/tecnolengua.uma.es\/index.php?rest_route=\/wp\/v2\/pages\/127\/revisions"}],"predecessor-version":[{"id":208,"href":"https:\/\/tecnolengua.uma.es\/index.php?rest_route=\/wp\/v2\/pages\/127\/revisions\/208"}],"up":[{"embeddable":true,"href":"https:\/\/tecnolengua.uma.es\/index.php?rest_route=\/wp\/v2\/pages\/33"}],"wp:attachment":[{"href":"https:\/\/tecnolengua.uma.es\/index.php?rest_route=%2Fwp%2Fv2%2Fmedia&parent=127"}],"curies":[{"name":"wp","href":"https:\/\/api.w.org\/{rel}","templated":true}]}}